{"id":2116,"date":"2024-07-18T13:45:40","date_gmt":"2024-07-18T13:45:40","guid":{"rendered":"https:\/\/majorpadelclub.com\/web\/?page_id=2116"},"modified":"2025-01-16T15:23:31","modified_gmt":"2025-01-16T15:23:31","slug":"contacto","status":"publish","type":"page","link":"https:\/\/majorpadelclub.com\/web\/contacto\/","title":{"rendered":"Contacto"},"content":{"rendered":"\t\t<div data-elementor-type=\"wp-page\" data-elementor-id=\"2116\" class=\"elementor elementor-2116\" data-elementor-post-type=\"page\">\n\t\t\t\t<div class=\"elementor-element elementor-element-4e8cf6f6 e-flex e-con-boxed e-con e-parent\" data-id=\"4e8cf6f6\" data-element_type=\"container\" data-e-type=\"container\">\n\t\t\t\t\t<div class=\"e-con-inner\">\n\t\t<div class=\"elementor-element elementor-element-35a1d22 e-con-full blur-background e-flex e-con e-child\" data-id=\"35a1d22\" data-element_type=\"container\" data-e-type=\"container\" data-settings=\"{&quot;background_background&quot;:&quot;classic&quot;}\">\n\t\t\t\t<div class=\"elementor-element elementor-element-25a6735 elementor-widget elementor-widget-heading\" data-id=\"25a6735\" data-element_type=\"widget\" data-e-type=\"widget\" data-widget_type=\"heading.default\">\n\t\t\t\t<div class=\"elementor-widget-container\">\n\t\t\t\t\t<h2 class=\"elementor-heading-title elementor-size-default\">ENTRA EM CONTACTO CONNOSCO<\/h2>\t\t\t\t<\/div>\n\t\t\t\t<\/div>\n\t\t\t\t<div class=\"elementor-element elementor-element-01a3abe elementor-widget elementor-widget-heading\" data-id=\"01a3abe\" data-element_type=\"widget\" data-e-type=\"widget\" data-widget_type=\"heading.default\">\n\t\t\t\t<div class=\"elementor-widget-container\">\n\t\t\t\t\t<h5 class=\"elementor-heading-title elementor-size-default\">Para qualquer d\u00favida ou quest\u00e3o que tenhas para nos colocar, preenche o formul\u00e1rio que entraremos em contacto logo que poss\u00edvel, se preferires enviamos um email para info@majorpadelclub.com.<\/h5>\t\t\t\t<\/div>\n\t\t\t\t<\/div>\n\t\t\t\t<div class=\"elementor-element elementor-element-ca75144 elementor-widget__width-inherit fluent-form-widget-step-header-yes fluent-form-widget-step-progressbar-yes fluentform-widget-submit-button-custom elementor-widget elementor-widget-fluent-form-widget\" data-id=\"ca75144\" data-element_type=\"widget\" data-e-type=\"widget\" data-widget_type=\"fluent-form-widget.default\">\n\t\t\t\t<div class=\"elementor-widget-container\">\n\t\t\t\t\t\n            <div class=\"fluentform-widget-wrapper hide-fluent-form-labels fluentform-widget-align-default\">\n\n            \n            <div class='fluentform ff-default fluentform_wrapper_7 ffs_custom_wrap'><form data-form_id=\"7\" id=\"fluentform_7\" class=\"frm-fluent-form fluent_form_7 ff-el-form-top ff_form_instance_7_1 ff-form-loading ffs_custom\" data-form_instance=\"ff_form_instance_7_1\" method=\"POST\" ><fieldset  style=\"border: none!important;margin: 0!important;padding: 0!important;background-color: transparent!important;box-shadow: none!important;outline: none!important; min-inline-size: 100%;\">\n                    <legend class=\"ff_screen_reader_title\" style=\"display: block; margin: 0!important;padding: 0!important;height: 0!important;text-indent: -999999px;width: 0!important;overflow:hidden;\">contacto<\/legend><input type='hidden' name='__fluent_form_embded_post_id' value='2116' \/><input type=\"hidden\" id=\"_fluentform_7_fluentformnonce\" name=\"_fluentform_7_fluentformnonce\" value=\"67e15371a1\" \/><input type=\"hidden\" name=\"_wp_http_referer\" value=\"\/web\/wp-json\/wp\/v2\/pages\/2116\" \/><div data-name=\"ff_cn_id_1\"  class='ff-t-container ff-column-container ff_columns_total_2 '><div class='ff-t-cell ff-t-column-1' style='flex-basis: 50%;'><div data-type=\"name-element\" data-name=\"names\" class=\" ff-field_container ff-name-field-wrapper\" ><div class='ff-t-container'><div class='ff-t-cell '><div class='ff-el-group ff-el-form-top'><div class=\"ff-el-input--label asterisk-right\"><label for='ff_7_names_first_name_' id='label_ff_7_names_first_name_' >Nome<\/label><\/div><div class='ff-el-input--content'><input type=\"text\" name=\"names[first_name]\" id=\"ff_7_names_first_name_\" class=\"ff-el-form-control\" placeholder=\"Nome\" aria-invalid=\"false\" aria-required=false><\/div><\/div><\/div><\/div><\/div><\/div><div class='ff-t-cell ff-t-column-2' style='flex-basis: 50%;'><div class='ff-el-group'><div class=\"ff-el-input--label ff-el-is-required asterisk-right\"><label for='ff_7_email' id='label_ff_7_email' aria-label=\"Email\">Email<\/label><\/div><div class='ff-el-input--content'><input type=\"email\" name=\"email\" id=\"ff_7_email\" class=\"ff-el-form-control\" placeholder=\"Email\" data-name=\"email\"  aria-invalid=\"false\" aria-required=true><\/div><\/div><\/div><\/div><div class='ff-el-group ff-el-form-hide_label'><div class=\"ff-el-input--label ff-el-is-required asterisk-right\"><label for='ff_7_phone' id='label_ff_7_phone' aria-label=\"Phone\/Mobile\">Phone\/Mobile<\/label><\/div><div class='ff-el-input--content'><input name=\"phone\" class=\"ff-el-form-control ff-el-phone ff_el_with_extended_validation\" type=\"tel\" placeholder=\"Telefone\" data-name=\"phone\" id=\"ff_7_phone\" inputmode=\"tel\"  aria-invalid='false' aria-required=true><\/div><\/div><div class='ff-el-group ff-el-form-hide_label'><div class=\"ff-el-input--label asterisk-right\"><label for='ff_7_description' id='label_ff_7_description' aria-label=\"Textarea\">Textarea<\/label><\/div><div class='ff-el-input--content'><textarea aria-required=\"false\" aria-labelledby=\"label_ff_7_description\" name=\"description\" id=\"ff_7_description\" class=\"ff-el-form-control\" placeholder=\"Mensagem\" rows=\"3\" cols=\"2\" data-name=\"description\" ><\/textarea><\/div><\/div><div class='ff-el-group ff-el-form-hide_label'><div class=\"ff-el-input--label ff-el-is-required asterisk-right\"><label   aria-label=\"Checkbox Field\">Checkbox Field<\/label><\/div><div class='ff-el-input--content'><div class='ff-el-form-check ff-el-form-check-'><label class='ff-el-form-check-label' for='checkbox_31b0caa38784758acd395be1844651df'><input  type=\"checkbox\" name=\"checkbox[]\" data-name=\"checkbox\" class=\"ff-el-form-check-input ff-el-form-check-checkbox\" value=\"Concordo com as condi\u00e7\u00f5es de privacidade do Major Padel Club e aceito o tratamento dos meus dados pela Major Padel Club para fins de campanhas de Marketing, comunica\u00e7\u00e3o de novidades, convites para eventos, inqu\u00e9ritos e informa\u00e7\u00e3o institucional.\"  id='checkbox_31b0caa38784758acd395be1844651df' aria-label='Concordo com as condi\u00e7\u00f5es de privacidade do Major Padel Club e aceito o tratamento dos meus dados pela Major Padel Club para fins de campanhas de Marketing, comunica\u00e7\u00e3o de novidades, convites para eventos, inqu\u00e9ritos e informa\u00e7\u00e3o institucional.' aria-invalid='false' aria-required=true> <span>Concordo com as condi\u00e7\u00f5es de privacidade do Major Padel Club e aceito o tratamento dos meus dados pela Major Padel Club para fins de campanhas de Marketing, comunica\u00e7\u00e3o de novidades, convites para eventos, inqu\u00e9ritos e informa\u00e7\u00e3o institucional.<\/span><\/label><\/div><\/div><\/div><div class='ff-el-group ff-text-center ff_submit_btn_wrapper ff_submit_btn_wrapper_custom'><button class=\"ff-btn ff-btn-submit ff-btn-md ff_btn_style wpf_has_custom_css\" type=\"submit\" name=\"custom_submit_button-7_1\" data-name=\"custom_submit_button-7_1\"  aria-label=\"ENVIAR\">ENVIAR<\/button><style>form.fluent_form_7 .wpf_has_custom_css.ff-btn-submit { background-color:#1a7efb;border-color:#1a7efb;color:#ffffff;min-width:100%; }form.fluent_form_7 .wpf_has_custom_css.ff-btn-submit:hover { background-color:#ffffff;border-color:#1a7efb;color:#1a7efb;min-width:100%; } <\/style><\/div><\/fieldset><\/form><div id='fluentform_7_errors' class='ff-errors-in-stack ff_form_instance_7_1 ff-form-loading_errors ff_form_instance_7_1_errors'><\/div><\/div>            <script type=\"text\/javascript\">\n                window.fluent_form_ff_form_instance_7_1 = {\"id\":\"7\",\"settings\":{\"layout\":{\"labelPlacement\":\"top\",\"helpMessagePlacement\":\"with_label\",\"errorMessagePlacement\":\"inline\",\"cssClassName\":\"\",\"asteriskPlacement\":\"asterisk-right\"},\"restrictions\":{\"denyEmptySubmission\":{\"enabled\":false}}},\"form_instance\":\"ff_form_instance_7_1\",\"form_id_selector\":\"fluentform_7\",\"rules\":{\"names[first_name]\":{\"required\":{\"value\":false,\"message\":\"This field is required\",\"global_message\":\"This field is required\",\"global\":true}},\"names[middle_name]\":{\"required\":{\"value\":false,\"message\":\"This field is required\",\"global_message\":\"This field is required\",\"global\":true}},\"names[last_name]\":{\"required\":{\"value\":false,\"message\":\"This field is required\",\"global_message\":\"This field is required\",\"global\":true}},\"email\":{\"required\":{\"value\":true,\"message\":\"Campo Obrigat\\u00f3rio\",\"global_message\":\"This field is required\",\"global\":false},\"email\":{\"value\":true,\"message\":\"This field must contain a valid email\",\"global_message\":\"This field must contain a valid email\",\"global\":true}},\"phone\":{\"required\":{\"value\":true,\"global\":true,\"message\":\"This field is required\",\"global_message\":\"This field is required\"},\"valid_phone_number\":{\"value\":true,\"global\":true,\"message\":\"Phone number is not valid\",\"global_message\":\"Phone number is not valid\"}},\"description\":{\"required\":{\"value\":false,\"message\":\"This field is required\",\"global_message\":\"This field is required\",\"global\":true}},\"checkbox\":{\"required\":{\"value\":true,\"message\":\"Concorde com as condi\\u00e7\\u00f5es\",\"global_message\":\"This field is required\",\"global\":false}}},\"debounce_time\":300};\n                            <\/script>\n                        <\/div>\n\n            \t\t\t\t<\/div>\n\t\t\t\t<\/div>\n\t\t\t\t<\/div>\n\t\t\t\t\t<\/div>\n\t\t\t\t<\/div>\n\t\t\t\t<\/div>\n\t\t","protected":false},"excerpt":{"rendered":"<p>ENTRA EM CONTACTO CONNOSCO Para qualquer d\u00favida ou quest\u00e3o que tenhas para nos colocar, preenche o formul\u00e1rio que entraremos em [&hellip;]<\/p>\n","protected":false},"author":1,"featured_media":0,"parent":0,"menu_order":0,"comment_status":"closed","ping_status":"closed","template":"","meta":{"_acf_changed":false,"content-type":"","site-sidebar-layout":"default","site-content-layout":"","ast-site-content-layout":"","site-content-style":"default","site-sidebar-style":"default","ast-global-header-display":"","ast-banner-title-visibility":"","ast-main-header-display":"","ast-hfb-above-header-display":"","ast-hfb-below-header-display":"","ast-hfb-mobile-header-display":"","site-post-title":"","ast-breadcrumbs-content":"","ast-featured-img":"","footer-sml-layout":"","theme-transparent-header-meta":"","adv-header-id-meta":"","stick-header-meta":"","header-above-stick-meta":"","header-main-stick-meta":"","header-below-stick-meta":"","astra-migrate-meta-layouts":"default","ast-page-background-enabled":"default","ast-page-background-meta":{"desktop":{"background-color":"var(--ast-global-color-4)","background-image":"","background-repeat":"repeat","background-position":"center center","background-size":"auto","background-attachment":"scroll","background-type":"","background-media":"","overlay-type":"","overlay-color":"","overlay-opacity":"","overlay-gradient":""},"tablet":{"background-color":"","background-image":"","background-repeat":"repeat","background-position":"center center","background-size":"auto","background-attachment":"scroll","background-type":"","background-media":"","overlay-type":"","overlay-color":"","overlay-opacity":"","overlay-gradient":""},"mobile":{"background-color":"","background-image":"","background-repeat":"repeat","background-position":"center center","background-size":"auto","background-attachment":"scroll","background-type":"","background-media":"","overlay-type":"","overlay-color":"","overlay-opacity":"","overlay-gradient":""}},"ast-content-background-meta":{"desktop":{"background-color":"var(--ast-global-color-5)","background-image":"","background-repeat":"repeat","background-position":"center center","background-size":"auto","background-attachment":"scroll","background-type":"","background-media":"","overlay-type":"","overlay-color":"","overlay-opacity":"","overlay-gradient":""},"tablet":{"background-color":"var(--ast-global-color-5)","background-image":"","background-repeat":"repeat","background-position":"center center","background-size":"auto","background-attachment":"scroll","background-type":"","background-media":"","overlay-type":"","overlay-color":"","overlay-opacity":"","overlay-gradient":""},"mobile":{"background-color":"var(--ast-global-color-5)","background-image":"","background-repeat":"repeat","background-position":"center center","background-size":"auto","background-attachment":"scroll","background-type":"","background-media":"","overlay-type":"","overlay-color":"","overlay-opacity":"","overlay-gradient":""}},"footnotes":""},"class_list":["post-2116","page","type-page","status-publish","hentry"],"acf":[],"yoast_head":"<!-- This site is optimized with the Yoast SEO plugin v27.0 - https:\/\/yoast.com\/product\/yoast-seo-wordpress\/ -->\n<title>Contacto - Major Padel Club<\/title>\n<meta name=\"description\" content=\"The Turning Point. Joga Mais, Joga Melhor, Joga Onde Quiseres! Um mundo de vantagens para quem gosta de jogar Padel. Torna-te Major Padel Club Member e vem fazer parte de um grupo exclusivo de jogadores.\" \/>\n<meta name=\"robots\" content=\"index, follow, max-snippet:-1, max-image-preview:large, max-video-preview:-1\" \/>\n<link rel=\"canonical\" href=\"https:\/\/majorpadelclub.com\/web\/contacto\/\" \/>\n<meta property=\"og:locale\" content=\"pt_PT\" \/>\n<meta property=\"og:type\" content=\"article\" \/>\n<meta property=\"og:title\" content=\"Contacto - Major Padel Club\" \/>\n<meta property=\"og:description\" content=\"The Turning Point. Joga Mais, Joga Melhor, Joga Onde Quiseres! Um mundo de vantagens para quem gosta de jogar Padel. Torna-te Major Padel Club Member e vem fazer parte de um grupo exclusivo de jogadores.\" \/>\n<meta property=\"og:url\" content=\"https:\/\/majorpadelclub.com\/web\/contacto\/\" \/>\n<meta property=\"og:site_name\" content=\"Major Padel Club\" \/>\n<meta property=\"article:modified_time\" content=\"2025-01-16T15:23:31+00:00\" \/>\n<meta name=\"twitter:card\" content=\"summary_large_image\" \/>\n<meta name=\"twitter:label1\" content=\"Tempo estimado de leitura\" \/>\n\t<meta name=\"twitter:data1\" content=\"1 minuto\" \/>\n<script type=\"application\/ld+json\" class=\"yoast-schema-graph\">{\"@context\":\"https:\/\/schema.org\",\"@graph\":[{\"@type\":\"WebPage\",\"@id\":\"https:\/\/majorpadelclub.com\/web\/contacto\/\",\"url\":\"https:\/\/majorpadelclub.com\/web\/contacto\/\",\"name\":\"Contacto - Major Padel Club\",\"isPartOf\":{\"@id\":\"https:\/\/majorpadelclub.com\/web\/#website\"},\"datePublished\":\"2024-07-18T13:45:40+00:00\",\"dateModified\":\"2025-01-16T15:23:31+00:00\",\"description\":\"The Turning Point. Joga Mais, Joga Melhor, Joga Onde Quiseres! Um mundo de vantagens para quem gosta de jogar Padel. Torna-te Major Padel Club Member e vem fazer parte de um grupo exclusivo de jogadores.\",\"breadcrumb\":{\"@id\":\"https:\/\/majorpadelclub.com\/web\/contacto\/#breadcrumb\"},\"inLanguage\":\"pt-PT\",\"potentialAction\":[{\"@type\":\"ReadAction\",\"target\":[\"https:\/\/majorpadelclub.com\/web\/contacto\/\"]}]},{\"@type\":\"BreadcrumbList\",\"@id\":\"https:\/\/majorpadelclub.com\/web\/contacto\/#breadcrumb\",\"itemListElement\":[{\"@type\":\"ListItem\",\"position\":1,\"name\":\"In\u00edcio\",\"item\":\"https:\/\/majorpadelclub.com\/web\/\"},{\"@type\":\"ListItem\",\"position\":2,\"name\":\"Contacto\"}]},{\"@type\":\"WebSite\",\"@id\":\"https:\/\/majorpadelclub.com\/web\/#website\",\"url\":\"https:\/\/majorpadelclub.com\/web\/\",\"name\":\"Major Padel Club\",\"description\":\"The Turning Point\",\"publisher\":{\"@id\":\"https:\/\/majorpadelclub.com\/web\/#organization\"},\"potentialAction\":[{\"@type\":\"SearchAction\",\"target\":{\"@type\":\"EntryPoint\",\"urlTemplate\":\"https:\/\/majorpadelclub.com\/web\/?s={search_term_string}\"},\"query-input\":{\"@type\":\"PropertyValueSpecification\",\"valueRequired\":true,\"valueName\":\"search_term_string\"}}],\"inLanguage\":\"pt-PT\"},{\"@type\":\"Organization\",\"@id\":\"https:\/\/majorpadelclub.com\/web\/#organization\",\"name\":\"Major Padel Club\",\"url\":\"https:\/\/majorpadelclub.com\/web\/\",\"logo\":{\"@type\":\"ImageObject\",\"inLanguage\":\"pt-PT\",\"@id\":\"https:\/\/majorpadelclub.com\/web\/#\/schema\/logo\/image\/\",\"url\":\"https:\/\/majorpadelclub.com\/web\/wp-content\/uploads\/2024\/06\/icon.jpg\",\"contentUrl\":\"https:\/\/majorpadelclub.com\/web\/wp-content\/uploads\/2024\/06\/icon.jpg\",\"width\":512,\"height\":512,\"caption\":\"Major Padel Club\"},\"image\":{\"@id\":\"https:\/\/majorpadelclub.com\/web\/#\/schema\/logo\/image\/\"}}]}<\/script>\n<!-- \/ Yoast SEO plugin. -->","yoast_head_json":{"title":"Contacto - Major Padel Club","description":"The Turning Point. Joga Mais, Joga Melhor, Joga Onde Quiseres! Um mundo de vantagens para quem gosta de jogar Padel. Torna-te Major Padel Club Member e vem fazer parte de um grupo exclusivo de jogadores.","robots":{"index":"index","follow":"follow","max-snippet":"max-snippet:-1","max-image-preview":"max-image-preview:large","max-video-preview":"max-video-preview:-1"},"canonical":"https:\/\/majorpadelclub.com\/web\/contacto\/","og_locale":"pt_PT","og_type":"article","og_title":"Contacto - Major Padel Club","og_description":"The Turning Point. Joga Mais, Joga Melhor, Joga Onde Quiseres! Um mundo de vantagens para quem gosta de jogar Padel. Torna-te Major Padel Club Member e vem fazer parte de um grupo exclusivo de jogadores.","og_url":"https:\/\/majorpadelclub.com\/web\/contacto\/","og_site_name":"Major Padel Club","article_modified_time":"2025-01-16T15:23:31+00:00","twitter_card":"summary_large_image","twitter_misc":{"Tempo estimado de leitura":"1 minuto"},"schema":{"@context":"https:\/\/schema.org","@graph":[{"@type":"WebPage","@id":"https:\/\/majorpadelclub.com\/web\/contacto\/","url":"https:\/\/majorpadelclub.com\/web\/contacto\/","name":"Contacto - Major Padel Club","isPartOf":{"@id":"https:\/\/majorpadelclub.com\/web\/#website"},"datePublished":"2024-07-18T13:45:40+00:00","dateModified":"2025-01-16T15:23:31+00:00","description":"The Turning Point. Joga Mais, Joga Melhor, Joga Onde Quiseres! Um mundo de vantagens para quem gosta de jogar Padel. Torna-te Major Padel Club Member e vem fazer parte de um grupo exclusivo de jogadores.","breadcrumb":{"@id":"https:\/\/majorpadelclub.com\/web\/contacto\/#breadcrumb"},"inLanguage":"pt-PT","potentialAction":[{"@type":"ReadAction","target":["https:\/\/majorpadelclub.com\/web\/contacto\/"]}]},{"@type":"BreadcrumbList","@id":"https:\/\/majorpadelclub.com\/web\/contacto\/#breadcrumb","itemListElement":[{"@type":"ListItem","position":1,"name":"In\u00edcio","item":"https:\/\/majorpadelclub.com\/web\/"},{"@type":"ListItem","position":2,"name":"Contacto"}]},{"@type":"WebSite","@id":"https:\/\/majorpadelclub.com\/web\/#website","url":"https:\/\/majorpadelclub.com\/web\/","name":"Major Padel Club","description":"The Turning Point","publisher":{"@id":"https:\/\/majorpadelclub.com\/web\/#organization"},"potentialAction":[{"@type":"SearchAction","target":{"@type":"EntryPoint","urlTemplate":"https:\/\/majorpadelclub.com\/web\/?s={search_term_string}"},"query-input":{"@type":"PropertyValueSpecification","valueRequired":true,"valueName":"search_term_string"}}],"inLanguage":"pt-PT"},{"@type":"Organization","@id":"https:\/\/majorpadelclub.com\/web\/#organization","name":"Major Padel Club","url":"https:\/\/majorpadelclub.com\/web\/","logo":{"@type":"ImageObject","inLanguage":"pt-PT","@id":"https:\/\/majorpadelclub.com\/web\/#\/schema\/logo\/image\/","url":"https:\/\/majorpadelclub.com\/web\/wp-content\/uploads\/2024\/06\/icon.jpg","contentUrl":"https:\/\/majorpadelclub.com\/web\/wp-content\/uploads\/2024\/06\/icon.jpg","width":512,"height":512,"caption":"Major Padel Club"},"image":{"@id":"https:\/\/majorpadelclub.com\/web\/#\/schema\/logo\/image\/"}}]}},"_links":{"self":[{"href":"https:\/\/majorpadelclub.com\/web\/wp-json\/wp\/v2\/pages\/2116","targetHints":{"allow":["GET"]}}],"collection":[{"href":"https:\/\/majorpadelclub.com\/web\/wp-json\/wp\/v2\/pages"}],"about":[{"href":"https:\/\/majorpadelclub.com\/web\/wp-json\/wp\/v2\/types\/page"}],"author":[{"embeddable":true,"href":"https:\/\/majorpadelclub.com\/web\/wp-json\/wp\/v2\/users\/1"}],"replies":[{"embeddable":true,"href":"https:\/\/majorpadelclub.com\/web\/wp-json\/wp\/v2\/comments?post=2116"}],"version-history":[{"count":15,"href":"https:\/\/majorpadelclub.com\/web\/wp-json\/wp\/v2\/pages\/2116\/revisions"}],"predecessor-version":[{"id":3387,"href":"https:\/\/majorpadelclub.com\/web\/wp-json\/wp\/v2\/pages\/2116\/revisions\/3387"}],"wp:attachment":[{"href":"https:\/\/majorpadelclub.com\/web\/wp-json\/wp\/v2\/media?parent=2116"}],"curies":[{"name":"wp","href":"https:\/\/api.w.org\/{rel}","templated":true}]}}