{"id":741,"date":"2024-07-11T14:57:19","date_gmt":"2024-07-11T14:57:19","guid":{"rendered":"https:\/\/majorpadelclub.com\/web\/?page_id=741"},"modified":"2024-09-02T11:46:56","modified_gmt":"2024-09-02T11:46:56","slug":"major-padel-club-subscricao-anual","status":"publish","type":"page","link":"https:\/\/majorpadelclub.com\/web\/major-padel-club-subscricao-anual\/","title":{"rendered":"MAJOR PADEL CLUB - SUBSCRICAO ANUAL"},"content":{"rendered":"\t\t<div data-elementor-type=\"wp-page\" data-elementor-id=\"741\" class=\"elementor elementor-741\" data-elementor-post-type=\"page\">\n\t\t\t\t<div class=\"elementor-element elementor-element-144728ec e-flex e-con-boxed e-con e-parent\" data-id=\"144728ec\" data-element_type=\"container\" data-e-type=\"container\">\n\t\t\t\t\t<div class=\"e-con-inner\">\n\t\t\t\t<div class=\"elementor-element elementor-element-fc60e5a elementor-widget elementor-widget-image\" data-id=\"fc60e5a\" data-element_type=\"widget\" data-e-type=\"widget\" data-widget_type=\"image.default\">\n\t\t\t\t<div class=\"elementor-widget-container\">\n\t\t\t\t\t\t\t\t\t\t\t\t\t\t\t<img decoding=\"async\" src=\"https:\/\/majorpadelclub.com\/web\/wp-content\/uploads\/elementor\/thumbs\/MEMBERS-qqv61rzyjym2nmx73cbu5mo2eflio2xap38sbv71b6.png\" title=\"MEMBERS\" alt=\"MEMBERS\" loading=\"lazy\" \/>\t\t\t\t\t\t\t\t\t\t\t\t\t\t\t<\/div>\n\t\t\t\t<\/div>\n\t\t\t\t<div class=\"elementor-element elementor-element-4004b41 elementor-widget elementor-widget-heading\" data-id=\"4004b41\" data-element_type=\"widget\" data-e-type=\"widget\" data-widget_type=\"heading.default\">\n\t\t\t\t<div class=\"elementor-widget-container\">\n\t\t\t\t\t<h2 class=\"elementor-heading-title elementor-size-default\">MAJOR PADEL CLUB MEMBER<br>ANUAL<\/h2>\t\t\t\t<\/div>\n\t\t\t\t<\/div>\n\t\t\t\t<div class=\"elementor-element elementor-element-d5588c8 elementor-widget elementor-widget-heading\" data-id=\"d5588c8\" data-element_type=\"widget\" data-e-type=\"widget\" data-widget_type=\"heading.default\">\n\t\t\t\t<div class=\"elementor-widget-container\">\n\t\t\t\t\t<h2 class=\"elementor-heading-title elementor-size-default\">Preenche os campos do formul\u00e1rio abaixo para te registares, subscreveres e te tornares um MAJOR PADEL CLUB MEMBER.<\/h2>\t\t\t\t<\/div>\n\t\t\t\t<\/div>\n\t\t\t\t\t<\/div>\n\t\t\t\t<\/div>\n\t\t<div class=\"elementor-element elementor-element-505b61d e-flex e-con-boxed e-con e-parent\" data-id=\"505b61d\" data-element_type=\"container\" data-e-type=\"container\">\n\t\t\t\t\t<div class=\"e-con-inner\">\n\t\t\t\t<div class=\"elementor-element elementor-element-fd1dcab elementor-widget__width-initial elementor-widget elementor-widget-pms-register\" data-id=\"fd1dcab\" data-element_type=\"widget\" data-e-type=\"widget\" data-widget_type=\"pms-register.default\">\n\t\t\t\t<div class=\"elementor-widget-container\">\n\t\t\t\t\t\n<form id=\"pms_register-form\" class=\"pms-form \" method=\"POST\">\n\n    \n    <input type=\"hidden\" id=\"pmstkn\" name=\"pmstkn\" value=\"d046e7e62a\" \/><input type=\"hidden\" name=\"_wp_http_referer\" value=\"\/web\/wp-json\/wp\/v2\/pages\/741\" \/>\n    <ul class=\"pms-form-fields-wrapper\">\n\n        \n        \n        <div class=\"pms-account-section-wrapper\">\n            \n                        <li class=\"pms-field pms-user-login-field \">\n                <label for=\"pms_user_login\">Nome de Utilizador *<\/label>\n                <input id=\"pms_user_login\" name=\"user_login\" type=\"text\" value=\"\" \/>\n\n                            <\/li>\n\n                        <li class=\"pms-field pms-user-email-field \">\n                <label for=\"pms_user_email\">E-mail *<\/label>\n                <input id=\"pms_user_email\" name=\"user_email\" type=\"text\" value=\"\" \/>\n\n                            <\/li>\n\n                        <li class=\"pms-field pms-first-name-field \">\n                <label for=\"pms_first_name\">Nome *<\/label>\n                <input id=\"pms_first_name\" name=\"first_name\" type=\"text\" value=\"\" \/>\n\n                            <\/li>\n\n                        <li class=\"pms-field pms-last-name-field \">\n                <label for=\"pms_last_name\">Sobrenome *<\/label>\n                <input id=\"pms_last_name\" name=\"last_name\" type=\"text\" value=\"\" \/>\n\n                            <\/li>\n\n                        <li class=\"pms-field pms-pass1-field \">\n                <label for=\"pms_pass1\">Password *<\/label>\n                <input id=\"pms_pass1\" name=\"pass1\" type=\"password\" \/>\n\n                \n                            <\/li>\n\n                        <li class=\"pms-field pms-pass2-field \">\n                <label for=\"pms_pass2\">Repeat Password *<\/label>\n                <input id=\"pms_pass2\" name=\"pass2\" type=\"password\" \/>\n\n                            <\/li>\n\n                <li style=\"list-style-type: none;\" class=\"pms-field pms-gdpr-field \">\n        <label for=\"pms_user_consent\">\n            <input id=\"pms_user_consent\" name=\"user_consent\" type=\"checkbox\" value=\"1\">\n\n            <span class=\"pms-gdpr-field-text\">\n            Ao subscrever um plano MAJOR PADEL CLUB estou a concordar com as condi\u00e7\u00f5es do mesmo bem como com a Pol\u00edtica de Privacidade *            <\/span>\n        <\/label>\n            <\/li>\n            <\/div>\n\n        \n        <li class=\"pms-field pms-field-subscriptions \"><div class=\"pms-subscription-plan pms-hidden pms-subscription-plan-368\"><input type=\"hidden\" name=\"subscription_plans\" data-price=\"59.9\" data-duration=\"1\" data-fixed_membership=\"\" data-allow_renew=\"\" data-sign_up_fee=\"0\" data-trial=\"0\" data-recurring=\"2\"  value=\"368\" \/><label><span class=\"pms-subscription-plan-name\">MAJOR PADEL CLUB MEMBER ANUAL<\/span><span class=\"pms-subscription-plan-price\"><span class=\"pms-divider\"> - <\/span><span class=\"pms-subscription-plan-price-value\">59,9<\/span><span class=\"pms-subscription-plan-currency\">&#8364;<\/span><span class=\"pms-divider pms-duration-divider\"> \/ <\/span><span class=\"pms-subscription-plan-duration\">1 Ano<\/span><\/span><span class=\"pms-subscription-plan-trial\"><\/span><span class=\"pms-subscription-plan-sign-up-fee\"><\/span><\/label><div class=\"pms-subscription-plan-description\">Subscri\u00e7\u00e3o de membro com validade de um ano renov\u00e1vel. <\/div><\/div><input type=\"hidden\" name=\"pms_default_recurring\" value=\"2\" \/><div id=\"pms-subscription-plans-discount\"><label for=\"pms-subscription-plans-discount\">C\u00d3DIGO DE OFERTA : <\/label><input id=\"pms_subscription_plans_discount_code\" name=\"discount_code\" placeholder=\"INSERIR AQUI O SEU C\u00d3DIGO\" type=\"text\" value=\"\" \/><input id=\"pms-apply-discount\" class=\"pms-submit button\" type=\"submit\" value=\"APLICAR\"><\/span><\/div><div id=\"pms-subscription-plans-discount-messages-wrapper\"><div id=\"pms-subscription-plans-discount-messages\" ><\/div><div id=\"pms-subscription-plans-discount-messages-loading\">A APLICAR OFERTA. AGUARDE...<\/div><\/div><\/li>\n    <\/ul>\n\n    <span id=\"pms-submit-button-loading-placeholder-text\" style=\"display: none;\">A Processar...<\/span><div class=\"pms-paygates-holder\"><div id=\"pms-paygates-wrapper\"><h3>Escolhe a forma de pagamento<\/h3><div id=\"pms-paygates-inner\"><label><input type=\"radio\" class=\"pms_pay_gate\" name=\"pay_gate\" value=\"paypal_standard\"  checked='checked'data-sign_up_fee=\"1\" data-trial=\"1\" data-recurring=\"1\"  \/><span class=\"pms-paygate-name\">PayPal<\/span><\/label><label><input type=\"radio\" class=\"pms_pay_gate\" name=\"pay_gate\" value=\"stripe_connect\" data-sign_up_fee=\"1\" data-trial=\"1\" data-recurring=\"1\"  data-type=\"extra_fields\" \/><span class=\"pms-paygate-name\">Credit \/ Debit Card<\/span><\/label><\/div><div id=\"pms-gateways-not-available\"><span>No payment methods are available for the selected subscription plan.<\/span><\/div><\/div><ul id=\"pms-stripe-connect\" class=\"pms-field-section pms-paygate-extra-fields pms-paygate-extra-fields-stripe_connect\"><li class=\"pms-field pms-field-type-heading \"><h3>Dados do cart\u00e3o ( Gest\u00e3o Segura : Stripe )<\/h3><\/li><div class=\"pms-spinner__holder\"><div class=\"pms-spinner\"><\/div><\/div><div id=\"pms-stripe-payment-elements\" style=\"display:none\"><\/div><\/ul><\/div><input type=\"hidden\" id=\"pms-process-checkout-nonce\" name=\"pms_process_checkout_nonce\" value=\"5a4eac2d72\"\/><input type=\"hidden\" id=\"stripe-pk\" value=\"pk_live_51Ptg3G09bFj3S2xx4gj0gsYJZr4rd8MtfJXAJalWD4JPOf9FZez1URNrGSDP81Xmm2ugwLpvg9kQRf93jG9azT5d00fZJbFQC7\" \/><input type=\"hidden\" name=\"pms_stripe_connect_payment_intent\" value=\"\"\/><input type=\"hidden\" name=\"pms_stripe_connect_setup_intent\" value=\"\"\/><input type=\"hidden\" id=\"pms-stripe-ajax-update-payment-intent-nonce\" name=\"stripe_ajax_update_payment_intent_nonce\" value=\"f1fd00d155\"\/>\n            <input class=\"pms-form-submit\" name=\"pms_register\" type=\"submit\" value=\"Registar nova conta\" \/>\n    \n<\/form>\n\t\t\t\t<\/div>\n\t\t\t\t<\/div>\n\t\t\t\t\t<\/div>\n\t\t\t\t<\/div>\n\t\t<div class=\"elementor-element elementor-element-a9d81fd e-flex e-con-boxed e-con e-parent\" data-id=\"a9d81fd\" data-element_type=\"container\" data-e-type=\"container\">\n\t\t\t\t\t<div class=\"e-con-inner\">\n\t\t\t\t<div class=\"elementor-element elementor-element-a283605 elementor-widget elementor-widget-heading\" data-id=\"a283605\" data-element_type=\"widget\" data-e-type=\"widget\" data-widget_type=\"heading.default\">\n\t\t\t\t<div class=\"elementor-widget-container\">\n\t\t\t\t\t<h5 class=\"elementor-heading-title elementor-size-default\">Op\u00e7\u00f5es de Pagamento Seguro: <\/h5>\t\t\t\t<\/div>\n\t\t\t\t<\/div>\n\t\t\t\t<div class=\"elementor-element elementor-element-067da7a elementor-widget elementor-widget-image\" data-id=\"067da7a\" data-element_type=\"widget\" data-e-type=\"widget\" data-widget_type=\"image.default\">\n\t\t\t\t<div class=\"elementor-widget-container\">\n\t\t\t\t\t\t\t\t\t\t\t\t\t\t\t<img decoding=\"async\" src=\"https:\/\/majorpadelclub.com\/web\/wp-content\/uploads\/elementor\/thumbs\/pagamentos-qtiiy7unyg2mxt68ivq2olxfiqc2yeviscq22rgihw.png\" title=\"pagamentos\" alt=\"pagamentos\" loading=\"lazy\" \/>\t\t\t\t\t\t\t\t\t\t\t\t\t\t\t<\/div>\n\t\t\t\t<\/div>\n\t\t\t\t\t<\/div>\n\t\t\t\t<\/div>\n\t\t\t\t<\/div>\n\t\t","protected":false},"excerpt":{"rendered":"<p>MAJOR PADEL CLUB MEMBERANUAL Preenche os campos do formul\u00e1rio abaixo para te registares, subscreveres e te tornares um MAJOR PADEL [&hellip;]<\/p>\n","protected":false},"author":1,"featured_media":0,"parent":0,"menu_order":0,"comment_status":"closed","ping_status":"closed","template":"elementor_header_footer","meta":{"_acf_changed":false,"content-type":"","site-sidebar-layout":"default","site-content-layout":"","ast-site-content-layout":"","site-content-style":"default","site-sidebar-style":"default","ast-global-header-display":"","ast-banner-title-visibility":"","ast-main-header-display":"","ast-hfb-above-header-display":"","ast-hfb-below-header-display":"","ast-hfb-mobile-header-display":"","site-post-title":"","ast-breadcrumbs-content":"","ast-featured-img":"","footer-sml-layout":"","theme-transparent-header-meta":"","adv-header-id-meta":"","stick-header-meta":"","header-above-stick-meta":"","header-main-stick-meta":"","header-below-stick-meta":"","astra-migrate-meta-layouts":"default","ast-page-background-enabled":"default","ast-page-background-meta":{"desktop":{"background-color":"var(--ast-global-color-4)","background-image":"","background-repeat":"repeat","background-position":"center center","background-size":"auto","background-attachment":"scroll","background-type":"","background-media":"","overlay-type":"","overlay-color":"","overlay-opacity":"","overlay-gradient":""},"tablet":{"background-color":"","background-image":"","background-repeat":"repeat","background-position":"center center","background-size":"auto","background-attachment":"scroll","background-type":"","background-media":"","overlay-type":"","overlay-color":"","overlay-opacity":"","overlay-gradient":""},"mobile":{"background-color":"","background-image":"","background-repeat":"repeat","background-position":"center center","background-size":"auto","background-attachment":"scroll","background-type":"","background-media":"","overlay-type":"","overlay-color":"","overlay-opacity":"","overlay-gradient":""}},"ast-content-background-meta":{"desktop":{"background-color":"var(--ast-global-color-5)","background-image":"","background-repeat":"repeat","background-position":"center center","background-size":"auto","background-attachment":"scroll","background-type":"","background-media":"","overlay-type":"","overlay-color":"","overlay-opacity":"","overlay-gradient":""},"tablet":{"background-color":"var(--ast-global-color-5)","background-image":"","background-repeat":"repeat","background-position":"center center","background-size":"auto","background-attachment":"scroll","background-type":"","background-media":"","overlay-type":"","overlay-color":"","overlay-opacity":"","overlay-gradient":""},"mobile":{"background-color":"var(--ast-global-color-5)","background-image":"","background-repeat":"repeat","background-position":"center center","background-size":"auto","background-attachment":"scroll","background-type":"","background-media":"","overlay-type":"","overlay-color":"","overlay-opacity":"","overlay-gradient":""}},"footnotes":""},"class_list":["post-741","page","type-page","status-publish","hentry"],"acf":[],"yoast_head":"<!-- This site is optimized with the Yoast SEO plugin v27.0 - https:\/\/yoast.com\/product\/yoast-seo-wordpress\/ -->\n<title>MAJOR PADEL CLUB - SUBSCRICAO ANUAL - Major Padel Club<\/title>\n<meta name=\"description\" content=\"The Turning Point. Joga Mais, Joga Melhor, Joga Onde Quiseres! Um mundo de vantagens para quem gosta de jogar Padel. Torna-te Major Padel Club Member e vem fazer parte de um grupo exclusivo de jogadores.\" \/>\n<meta name=\"robots\" content=\"index, follow, max-snippet:-1, max-image-preview:large, max-video-preview:-1\" \/>\n<link rel=\"canonical\" href=\"https:\/\/majorpadelclub.com\/web\/major-padel-club-subscricao-anual\/\" \/>\n<meta property=\"og:locale\" content=\"pt_PT\" \/>\n<meta property=\"og:type\" content=\"article\" \/>\n<meta property=\"og:title\" content=\"MAJOR PADEL CLUB - SUBSCRICAO ANUAL - Major Padel Club\" \/>\n<meta property=\"og:description\" content=\"The Turning Point. Joga Mais, Joga Melhor, Joga Onde Quiseres! Um mundo de vantagens para quem gosta de jogar Padel. Torna-te Major Padel Club Member e vem fazer parte de um grupo exclusivo de jogadores.\" \/>\n<meta property=\"og:url\" content=\"https:\/\/majorpadelclub.com\/web\/major-padel-club-subscricao-anual\/\" \/>\n<meta property=\"og:site_name\" content=\"Major Padel Club\" \/>\n<meta property=\"article:modified_time\" content=\"2024-09-02T11:46:56+00:00\" \/>\n<meta property=\"og:image\" content=\"https:\/\/majorpadelclub.com\/web\/wp-content\/uploads\/elementor\/thumbs\/MEMBERS-qqv61rzyjym2nmx73cbu5mo2eflio2xap38sbv71bg.png\" \/>\n<meta name=\"twitter:card\" content=\"summary_large_image\" \/>\n<meta name=\"twitter:label1\" content=\"Tempo estimado de leitura\" \/>\n\t<meta name=\"twitter:data1\" content=\"1 minuto\" \/>\n<script type=\"application\/ld+json\" class=\"yoast-schema-graph\">{\"@context\":\"https:\/\/schema.org\",\"@graph\":[{\"@type\":\"WebPage\",\"@id\":\"https:\/\/majorpadelclub.com\/web\/major-padel-club-subscricao-anual\/\",\"url\":\"https:\/\/majorpadelclub.com\/web\/major-padel-club-subscricao-anual\/\",\"name\":\"MAJOR PADEL CLUB - SUBSCRICAO ANUAL - Major Padel Club\",\"isPartOf\":{\"@id\":\"https:\/\/majorpadelclub.com\/web\/#website\"},\"primaryImageOfPage\":{\"@id\":\"https:\/\/majorpadelclub.com\/web\/major-padel-club-subscricao-anual\/#primaryimage\"},\"image\":{\"@id\":\"https:\/\/majorpadelclub.com\/web\/major-padel-club-subscricao-anual\/#primaryimage\"},\"thumbnailUrl\":\"https:\/\/majorpadelclub.com\/web\/wp-content\/uploads\/elementor\/thumbs\/MEMBERS-qqv61rzyjym2nmx73cbu5mo2eflio2xap38sbv71bg.png\",\"datePublished\":\"2024-07-11T14:57:19+00:00\",\"dateModified\":\"2024-09-02T11:46:56+00:00\",\"description\":\"The Turning Point. Joga Mais, Joga Melhor, Joga Onde Quiseres! Um mundo de vantagens para quem gosta de jogar Padel. Torna-te Major Padel Club Member e vem fazer parte de um grupo exclusivo de jogadores.\",\"breadcrumb\":{\"@id\":\"https:\/\/majorpadelclub.com\/web\/major-padel-club-subscricao-anual\/#breadcrumb\"},\"inLanguage\":\"pt-PT\",\"potentialAction\":[{\"@type\":\"ReadAction\",\"target\":[\"https:\/\/majorpadelclub.com\/web\/major-padel-club-subscricao-anual\/\"]}]},{\"@type\":\"ImageObject\",\"inLanguage\":\"pt-PT\",\"@id\":\"https:\/\/majorpadelclub.com\/web\/major-padel-club-subscricao-anual\/#primaryimage\",\"url\":\"https:\/\/majorpadelclub.com\/web\/wp-content\/uploads\/elementor\/thumbs\/MEMBERS-qqv61rzyjym2nmx73cbu5mo2eflio2xap38sbv71bg.png\",\"contentUrl\":\"https:\/\/majorpadelclub.com\/web\/wp-content\/uploads\/elementor\/thumbs\/MEMBERS-qqv61rzyjym2nmx73cbu5mo2eflio2xap38sbv71bg.png\"},{\"@type\":\"BreadcrumbList\",\"@id\":\"https:\/\/majorpadelclub.com\/web\/major-padel-club-subscricao-anual\/#breadcrumb\",\"itemListElement\":[{\"@type\":\"ListItem\",\"position\":1,\"name\":\"In\u00edcio\",\"item\":\"https:\/\/majorpadelclub.com\/web\/\"},{\"@type\":\"ListItem\",\"position\":2,\"name\":\"MAJOR PADEL CLUB &#8211; SUBSCRICAO ANUAL\"}]},{\"@type\":\"WebSite\",\"@id\":\"https:\/\/majorpadelclub.com\/web\/#website\",\"url\":\"https:\/\/majorpadelclub.com\/web\/\",\"name\":\"Major Padel Club\",\"description\":\"The Turning Point\",\"publisher\":{\"@id\":\"https:\/\/majorpadelclub.com\/web\/#organization\"},\"potentialAction\":[{\"@type\":\"SearchAction\",\"target\":{\"@type\":\"EntryPoint\",\"urlTemplate\":\"https:\/\/majorpadelclub.com\/web\/?s={search_term_string}\"},\"query-input\":{\"@type\":\"PropertyValueSpecification\",\"valueRequired\":true,\"valueName\":\"search_term_string\"}}],\"inLanguage\":\"pt-PT\"},{\"@type\":\"Organization\",\"@id\":\"https:\/\/majorpadelclub.com\/web\/#organization\",\"name\":\"Major Padel Club\",\"url\":\"https:\/\/majorpadelclub.com\/web\/\",\"logo\":{\"@type\":\"ImageObject\",\"inLanguage\":\"pt-PT\",\"@id\":\"https:\/\/majorpadelclub.com\/web\/#\/schema\/logo\/image\/\",\"url\":\"https:\/\/majorpadelclub.com\/web\/wp-content\/uploads\/2024\/06\/icon.jpg\",\"contentUrl\":\"https:\/\/majorpadelclub.com\/web\/wp-content\/uploads\/2024\/06\/icon.jpg\",\"width\":512,\"height\":512,\"caption\":\"Major Padel Club\"},\"image\":{\"@id\":\"https:\/\/majorpadelclub.com\/web\/#\/schema\/logo\/image\/\"}}]}<\/script>\n<!-- \/ Yoast SEO plugin. -->","yoast_head_json":{"title":"MAJOR PADEL CLUB - SUBSCRICAO ANUAL - Major Padel Club","description":"The Turning Point. Joga Mais, Joga Melhor, Joga Onde Quiseres! Um mundo de vantagens para quem gosta de jogar Padel. Torna-te Major Padel Club Member e vem fazer parte de um grupo exclusivo de jogadores.","robots":{"index":"index","follow":"follow","max-snippet":"max-snippet:-1","max-image-preview":"max-image-preview:large","max-video-preview":"max-video-preview:-1"},"canonical":"https:\/\/majorpadelclub.com\/web\/major-padel-club-subscricao-anual\/","og_locale":"pt_PT","og_type":"article","og_title":"MAJOR PADEL CLUB - SUBSCRICAO ANUAL - Major Padel Club","og_description":"The Turning Point. Joga Mais, Joga Melhor, Joga Onde Quiseres! Um mundo de vantagens para quem gosta de jogar Padel. Torna-te Major Padel Club Member e vem fazer parte de um grupo exclusivo de jogadores.","og_url":"https:\/\/majorpadelclub.com\/web\/major-padel-club-subscricao-anual\/","og_site_name":"Major Padel Club","article_modified_time":"2024-09-02T11:46:56+00:00","og_image":[{"url":"https:\/\/majorpadelclub.com\/web\/wp-content\/uploads\/elementor\/thumbs\/MEMBERS-qqv61rzyjym2nmx73cbu5mo2eflio2xap38sbv71bg.png","type":"","width":"","height":""}],"twitter_card":"summary_large_image","twitter_misc":{"Tempo estimado de leitura":"1 minuto"},"schema":{"@context":"https:\/\/schema.org","@graph":[{"@type":"WebPage","@id":"https:\/\/majorpadelclub.com\/web\/major-padel-club-subscricao-anual\/","url":"https:\/\/majorpadelclub.com\/web\/major-padel-club-subscricao-anual\/","name":"MAJOR PADEL CLUB - SUBSCRICAO ANUAL - Major Padel Club","isPartOf":{"@id":"https:\/\/majorpadelclub.com\/web\/#website"},"primaryImageOfPage":{"@id":"https:\/\/majorpadelclub.com\/web\/major-padel-club-subscricao-anual\/#primaryimage"},"image":{"@id":"https:\/\/majorpadelclub.com\/web\/major-padel-club-subscricao-anual\/#primaryimage"},"thumbnailUrl":"https:\/\/majorpadelclub.com\/web\/wp-content\/uploads\/elementor\/thumbs\/MEMBERS-qqv61rzyjym2nmx73cbu5mo2eflio2xap38sbv71bg.png","datePublished":"2024-07-11T14:57:19+00:00","dateModified":"2024-09-02T11:46:56+00:00","description":"The Turning Point. Joga Mais, Joga Melhor, Joga Onde Quiseres! Um mundo de vantagens para quem gosta de jogar Padel. Torna-te Major Padel Club Member e vem fazer parte de um grupo exclusivo de jogadores.","breadcrumb":{"@id":"https:\/\/majorpadelclub.com\/web\/major-padel-club-subscricao-anual\/#breadcrumb"},"inLanguage":"pt-PT","potentialAction":[{"@type":"ReadAction","target":["https:\/\/majorpadelclub.com\/web\/major-padel-club-subscricao-anual\/"]}]},{"@type":"ImageObject","inLanguage":"pt-PT","@id":"https:\/\/majorpadelclub.com\/web\/major-padel-club-subscricao-anual\/#primaryimage","url":"https:\/\/majorpadelclub.com\/web\/wp-content\/uploads\/elementor\/thumbs\/MEMBERS-qqv61rzyjym2nmx73cbu5mo2eflio2xap38sbv71bg.png","contentUrl":"https:\/\/majorpadelclub.com\/web\/wp-content\/uploads\/elementor\/thumbs\/MEMBERS-qqv61rzyjym2nmx73cbu5mo2eflio2xap38sbv71bg.png"},{"@type":"BreadcrumbList","@id":"https:\/\/majorpadelclub.com\/web\/major-padel-club-subscricao-anual\/#breadcrumb","itemListElement":[{"@type":"ListItem","position":1,"name":"In\u00edcio","item":"https:\/\/majorpadelclub.com\/web\/"},{"@type":"ListItem","position":2,"name":"MAJOR PADEL CLUB &#8211; SUBSCRICAO ANUAL"}]},{"@type":"WebSite","@id":"https:\/\/majorpadelclub.com\/web\/#website","url":"https:\/\/majorpadelclub.com\/web\/","name":"Major Padel Club","description":"The Turning Point","publisher":{"@id":"https:\/\/majorpadelclub.com\/web\/#organization"},"potentialAction":[{"@type":"SearchAction","target":{"@type":"EntryPoint","urlTemplate":"https:\/\/majorpadelclub.com\/web\/?s={search_term_string}"},"query-input":{"@type":"PropertyValueSpecification","valueRequired":true,"valueName":"search_term_string"}}],"inLanguage":"pt-PT"},{"@type":"Organization","@id":"https:\/\/majorpadelclub.com\/web\/#organization","name":"Major Padel Club","url":"https:\/\/majorpadelclub.com\/web\/","logo":{"@type":"ImageObject","inLanguage":"pt-PT","@id":"https:\/\/majorpadelclub.com\/web\/#\/schema\/logo\/image\/","url":"https:\/\/majorpadelclub.com\/web\/wp-content\/uploads\/2024\/06\/icon.jpg","contentUrl":"https:\/\/majorpadelclub.com\/web\/wp-content\/uploads\/2024\/06\/icon.jpg","width":512,"height":512,"caption":"Major Padel Club"},"image":{"@id":"https:\/\/majorpadelclub.com\/web\/#\/schema\/logo\/image\/"}}]}},"_links":{"self":[{"href":"https:\/\/majorpadelclub.com\/web\/wp-json\/wp\/v2\/pages\/741","targetHints":{"allow":["GET"]}}],"collection":[{"href":"https:\/\/majorpadelclub.com\/web\/wp-json\/wp\/v2\/pages"}],"about":[{"href":"https:\/\/majorpadelclub.com\/web\/wp-json\/wp\/v2\/types\/page"}],"author":[{"embeddable":true,"href":"https:\/\/majorpadelclub.com\/web\/wp-json\/wp\/v2\/users\/1"}],"replies":[{"embeddable":true,"href":"https:\/\/majorpadelclub.com\/web\/wp-json\/wp\/v2\/comments?post=741"}],"version-history":[{"count":12,"href":"https:\/\/majorpadelclub.com\/web\/wp-json\/wp\/v2\/pages\/741\/revisions"}],"predecessor-version":[{"id":2801,"href":"https:\/\/majorpadelclub.com\/web\/wp-json\/wp\/v2\/pages\/741\/revisions\/2801"}],"wp:attachment":[{"href":"https:\/\/majorpadelclub.com\/web\/wp-json\/wp\/v2\/media?parent=741"}],"curies":[{"name":"wp","href":"https:\/\/api.w.org\/{rel}","templated":true}]}}